{"id":39013,"date":"2024-04-02T08:42:18","date_gmt":"2024-04-02T06:42:18","guid":{"rendered":"https:\/\/rctl9ywy0q.onrocket.site\/plan-du-site\/"},"modified":"2026-01-13T16:54:37","modified_gmt":"2026-01-13T15:54:37","slug":"plan-du-site","status":"publish","type":"page","link":"https:\/\/www.dataiso.com\/fr\/plan-du-site\/","title":{"rendered":"Plan du site"},"content":{"rendered":"\t\t<div data-elementor-type=\"wp-page\" data-elementor-id=\"39013\" class=\"elementor elementor-39013 elementor-7478\" data-elementor-post-type=\"page\">\n\t\t\t\t\t\t<section class=\"elementor-section elementor-top-section elementor-element elementor-element-94dda6d elementor-section-boxed elementor-section-height-default elementor-section-height-default\" data-id=\"94dda6d\" data-element_type=\"section\" data-e-type=\"section\" data-settings=\"{&quot;background_background&quot;:&quot;classic&quot;}\">\n\t\t\t\t\t\t<div class=\"elementor-container elementor-column-gap-default\">\n\t\t\t\t\t<div class=\"elementor-column elementor-col-100 elementor-top-column elementor-element elementor-element-e773f9b\" data-id=\"e773f9b\" data-element_type=\"column\" data-e-type=\"column\">\n\t\t\t<div class=\"elementor-widget-wrap elementor-element-populated\">\n\t\t\t\t\t\t<section class=\"elementor-section elementor-inner-section elementor-element elementor-element-5caf465 elementor-section-boxed elementor-section-height-default elementor-section-height-default\" data-id=\"5caf465\" data-element_type=\"section\" data-e-type=\"section\">\n\t\t\t\t\t\t<div class=\"elementor-container elementor-column-gap-default\">\n\t\t\t\t\t<div class=\"elementor-column elementor-col-100 elementor-inner-column elementor-element elementor-element-73ae239\" data-id=\"73ae239\" data-element_type=\"column\" data-e-type=\"column\">\n\t\t\t<div class=\"elementor-widget-wrap elementor-element-populated\">\n\t\t\t\t\t\t<div class=\"elementor-element elementor-element-c04803d elementor-widget__width-initial elementor-widget elementor-widget-heading\" data-id=\"c04803d\" data-element_type=\"widget\" data-e-type=\"widget\" data-widget_type=\"heading.default\">\n\t\t\t\t<div class=\"elementor-widget-container\">\n\t\t\t\t\t<h1 class=\"elementor-heading-title elementor-size-default\">Plan du site<\/h1>\t\t\t\t<\/div>\n\t\t\t\t<\/div>\n\t\t\t\t\t<\/div>\n\t\t<\/div>\n\t\t\t\t\t<\/div>\n\t\t<\/section>\n\t\t\t\t\t<\/div>\n\t\t<\/div>\n\t\t\t\t\t<\/div>\n\t\t<\/section>\n\t\t\t\t<section class=\"elementor-section elementor-top-section elementor-element elementor-element-900b3d6 elementor-section-boxed elementor-section-height-default elementor-section-height-default\" data-id=\"900b3d6\" data-element_type=\"section\" data-e-type=\"section\">\n\t\t\t\t\t\t<div class=\"elementor-container elementor-column-gap-default\">\n\t\t\t\t\t<div class=\"elementor-column elementor-col-100 elementor-top-column elementor-element elementor-element-750e440\" data-id=\"750e440\" data-element_type=\"column\" data-e-type=\"column\">\n\t\t\t<div class=\"elementor-widget-wrap elementor-element-populated\">\n\t\t\t\t\t\t<div class=\"elementor-element elementor-element-05c851c elementor-widget elementor-widget-text-editor\" data-id=\"05c851c\" data-element_type=\"widget\" data-e-type=\"widget\" data-widget_type=\"text-editor.default\">\n\t\t\t\t<div class=\"elementor-widget-container\">\n\t\t\t\t\t\t\t\t\t<p><span style=\"color: var( --e-global-color-text ); font-family: var( --e-global-typography-eb91e69-font-family ), Sans-serif; font-size: var( --e-global-typography-eb91e69-font-size ); font-weight: var( --e-global-typography-eb91e69-font-weight ); word-spacing: var( --e-global-typography-eb91e69-word-spacing );\">Bienvenue sur le plan du site de Dataiso. Cette page offre un aper\u00e7u complet de la structure de notre site web, vous permettant de naviguer facilement \u00e0 travers nos comp\u00e9tences, secteurs, insights, carri\u00e8res et informations sur nous. <\/span><\/p>\t\t\t\t\t\t\t\t<\/div>\n\t\t\t\t<\/div>\n\t\t\t\t\t<\/div>\n\t\t<\/div>\n\t\t\t\t\t<\/div>\n\t\t<\/section>\n\t\t\t\t<section class=\"elementor-section elementor-top-section elementor-element elementor-element-7fe2ee2 elementor-section-boxed elementor-section-height-default elementor-section-height-default\" data-id=\"7fe2ee2\" data-element_type=\"section\" data-e-type=\"section\">\n\t\t\t\t\t\t<div class=\"elementor-container elementor-column-gap-default\">\n\t\t\t\t\t<div class=\"elementor-column elementor-col-100 elementor-top-column elementor-element elementor-element-abc55b6\" data-id=\"abc55b6\" data-element_type=\"column\" data-e-type=\"column\">\n\t\t\t<div class=\"elementor-widget-wrap elementor-element-populated\">\n\t\t\t\t\t\t<div class=\"elementor-element elementor-element-bbbdbfe elementor-widget elementor-widget-sitemap\" data-id=\"bbbdbfe\" data-element_type=\"widget\" data-e-type=\"widget\" data-widget_type=\"sitemap.default\">\n\t\t\t\t<div class=\"elementor-widget-container\">\n\t\t\t\t\t<div class=\"elementor-sitemap-wrap\"><div class=\"elementor-sitemap-section\"><h2 class=\"elementor-sitemap-title elementor-sitemap-page-title\">Site web<\/h2><ul class=\"elementor-sitemap-list elementor-sitemap-page-list\"><li class=\"elementor-sitemap-item elementor-sitemap-item-page page_item page-item-2686\"><a href=\"https:\/\/www.dataiso.com\/fr\/a-propos\/\">\u00c0 propos<\/a><ul class='children'><li class=\"elementor-sitemap-item elementor-sitemap-item-page page_item page-item-3165\"><a href=\"https:\/\/www.dataiso.com\/fr\/a-propos\/engagements\/\">Engagements<\/a><\/li><li class=\"elementor-sitemap-item elementor-sitemap-item-page page_item page-item-5570\"><a href=\"https:\/\/www.dataiso.com\/fr\/a-propos\/equipe-dirigeante\/\">\u00c9quipe dirigeante<\/a><\/li><li class=\"elementor-sitemap-item elementor-sitemap-item-page page_item page-item-37464\"><a href=\"https:\/\/www.dataiso.com\/fr\/a-propos\/innovation\/\">Innovation<\/a><\/li><li class=\"elementor-sitemap-item elementor-sitemap-item-page page_item page-item-37484\"><a href=\"https:\/\/www.dataiso.com\/fr\/a-propos\/methodologie\/\">M\u00e9thodologie<\/a><\/li><li class=\"elementor-sitemap-item elementor-sitemap-item-page page_item page-item-37472\"><a href=\"https:\/\/www.dataiso.com\/fr\/a-propos\/newsroom\/\">Newsroom<\/a><\/li><li class=\"elementor-sitemap-item elementor-sitemap-item-page page_item page-item-2713\"><a href=\"https:\/\/www.dataiso.com\/fr\/a-propos\/notre-societe\/\">Notre soci\u00e9t\u00e9<\/a><\/li><li class=\"elementor-sitemap-item elementor-sitemap-item-page page_item page-item-2845\"><a href=\"https:\/\/www.dataiso.com\/fr\/a-propos\/partenariats\/\">Partenariats<\/a><\/li><\/ul><\/li><li class=\"elementor-sitemap-item elementor-sitemap-item-page page_item page-item-12\"><a href=\"https:\/\/www.dataiso.com\/fr\/\">Accueil<\/a><\/li><li class=\"elementor-sitemap-item elementor-sitemap-item-page page_item page-item-43068\"><a href=\"https:\/\/www.dataiso.com\/fr\/carrieres\/\">Carri\u00e8res<\/a><\/li><li class=\"elementor-sitemap-item elementor-sitemap-item-page page_item page-item-467\"><a href=\"https:\/\/www.dataiso.com\/fr\/competences\/\">Comp\u00e9tences<\/a><ul class='children'><li class=\"elementor-sitemap-item elementor-sitemap-item-page page_item page-item-2799\"><a href=\"https:\/\/www.dataiso.com\/fr\/competences\/data-engineering-analytique\/\">Data Engineering &amp; Analytique<\/a><ul class='children'><li class=\"elementor-sitemap-item elementor-sitemap-item-page page_item page-item-1211\"><a href=\"https:\/\/www.dataiso.com\/fr\/competences\/data-engineering-analytique\/big-data-analytique\/\">Big Data &amp; Analytique<\/a><\/li><li class=\"elementor-sitemap-item elementor-sitemap-item-page page_item page-item-1155\"><a href=\"https:\/\/www.dataiso.com\/fr\/competences\/data-engineering-analytique\/business-intelligence\/\">Business Intelligence<\/a><\/li><li class=\"elementor-sitemap-item elementor-sitemap-item-page page_item page-item-1109\"><a href=\"https:\/\/www.dataiso.com\/fr\/competences\/data-engineering-analytique\/ingenierie-des-bases-de-donnees\/\">Ing\u00e9nierie des bases de donn\u00e9es<\/a><\/li><li class=\"elementor-sitemap-item elementor-sitemap-item-page page_item page-item-1248\"><a href=\"https:\/\/www.dataiso.com\/fr\/competences\/data-engineering-analytique\/integration-des-donnees\/\">Int\u00e9gration des donn\u00e9es<\/a><\/li><li class=\"elementor-sitemap-item elementor-sitemap-item-page page_item page-item-1300\"><a href=\"https:\/\/www.dataiso.com\/fr\/competences\/data-engineering-analytique\/visualisation-des-donnees\/\">Visualisation des donn\u00e9es<\/a><\/li><\/ul><\/li><li class=\"elementor-sitemap-item elementor-sitemap-item-page page_item page-item-2816\"><a href=\"https:\/\/www.dataiso.com\/fr\/competences\/data-science-ia\/\">Data Science &amp; IA<\/a><ul class='children'><li class=\"elementor-sitemap-item elementor-sitemap-item-page page_item page-item-1407\"><a href=\"https:\/\/www.dataiso.com\/fr\/competences\/data-science-ia\/ia-appliquee\/\">IA appliqu\u00e9e<\/a><\/li><li class=\"elementor-sitemap-item elementor-sitemap-item-page page_item page-item-1344\"><a href=\"https:\/\/www.dataiso.com\/fr\/competences\/data-science-ia\/machine-learning-deep-learning\/\">Machine Learning &amp; Deep Learning<\/a><\/li><\/ul><\/li><li class=\"elementor-sitemap-item elementor-sitemap-item-page page_item page-item-2784\"><a href=\"https:\/\/www.dataiso.com\/fr\/competences\/strategie-data-transformation\/\">Strat\u00e9gie Data &amp; Transformation<\/a><ul class='children'><li class=\"elementor-sitemap-item elementor-sitemap-item-page page_item page-item-942\"><a href=\"https:\/\/www.dataiso.com\/fr\/competences\/strategie-data-transformation\/architecture-des-donnees\/\">Architecture des donn\u00e9es<\/a><\/li><li class=\"elementor-sitemap-item elementor-sitemap-item-page page_item page-item-560\"><a href=\"https:\/\/www.dataiso.com\/fr\/competences\/strategie-data-transformation\/culture-des-donnees\/\">Culture des donn\u00e9es<\/a><\/li><li class=\"elementor-sitemap-item elementor-sitemap-item-page page_item page-item-1044\"><a href=\"https:\/\/www.dataiso.com\/fr\/competences\/strategie-data-transformation\/gestion-de-projet\/\">Gestion de projet<\/a><\/li><li class=\"elementor-sitemap-item elementor-sitemap-item-page page_item page-item-847\"><a href=\"https:\/\/www.dataiso.com\/fr\/competences\/strategie-data-transformation\/gestion-des-donnees-de-reference\/\">Gestion des donn\u00e9es de r\u00e9f\u00e9rence<\/a><\/li><li class=\"elementor-sitemap-item elementor-sitemap-item-page page_item page-item-687\"><a href=\"https:\/\/www.dataiso.com\/fr\/competences\/strategie-data-transformation\/gouvernance-des-donnees\/\">Gouvernance des donn\u00e9es<\/a><\/li><\/ul><\/li><\/ul><\/li><li class=\"elementor-sitemap-item elementor-sitemap-item-page page_item page-item-4661\"><a href=\"https:\/\/www.dataiso.com\/fr\/contact\/\">Contact<\/a><\/li><li class=\"elementor-sitemap-item elementor-sitemap-item-page page_item page-item-37505\"><a href=\"https:\/\/www.dataiso.com\/fr\/insights\/\">Insights<\/a><\/li><li class=\"elementor-sitemap-item elementor-sitemap-item-page page_item page-item-1462\"><a href=\"https:\/\/www.dataiso.com\/fr\/secteurs\/\">Secteurs<\/a><ul class='children'><li class=\"elementor-sitemap-item elementor-sitemap-item-page page_item page-item-1477\"><a href=\"https:\/\/www.dataiso.com\/fr\/secteurs\/banque-finance-assurance\/\">Banque, Finance &amp; Assurance<\/a><\/li><li class=\"elementor-sitemap-item elementor-sitemap-item-page page_item page-item-1601\"><a href=\"https:\/\/www.dataiso.com\/fr\/secteurs\/construction-immobilier\/\">Construction &amp; Immobilier<\/a><\/li><li class=\"elementor-sitemap-item elementor-sitemap-item-page page_item page-item-1903\"><a href=\"https:\/\/www.dataiso.com\/fr\/secteurs\/distribution-biens-de-consommation\/\">Distribution &amp; Biens de consommation<\/a><\/li><li class=\"elementor-sitemap-item elementor-sitemap-item-page page_item page-item-2021\"><a href=\"https:\/\/www.dataiso.com\/fr\/secteurs\/energie-utilities\/\">\u00c9nergie &amp; Utilities<\/a><\/li><li class=\"elementor-sitemap-item elementor-sitemap-item-page page_item page-item-2073\"><a href=\"https:\/\/www.dataiso.com\/fr\/secteurs\/hotellerie-transports-logistique\/\">H\u00f4tellerie, Transports &amp; Logistique<\/a><\/li><li class=\"elementor-sitemap-item elementor-sitemap-item-page page_item page-item-1879\"><a href=\"https:\/\/www.dataiso.com\/fr\/secteurs\/industrie-manufacturiere\/\">Industrie manufacturi\u00e8re<\/a><\/li><li class=\"elementor-sitemap-item elementor-sitemap-item-page page_item page-item-2001\"><a href=\"https:\/\/www.dataiso.com\/fr\/secteurs\/it-services-professionnels\/\">IT &amp; Services professionnels<\/a><\/li><li class=\"elementor-sitemap-item elementor-sitemap-item-page page_item page-item-1869\"><a href=\"https:\/\/www.dataiso.com\/fr\/secteurs\/sante-sciences-de-la-vie\/\">Sant\u00e9 &amp; Sciences de la vie<\/a><\/li><li class=\"elementor-sitemap-item elementor-sitemap-item-page page_item page-item-1895\"><a href=\"https:\/\/www.dataiso.com\/fr\/secteurs\/secteur-public-education\/\">Secteur public &amp; \u00c9ducation<\/a><\/li><li class=\"elementor-sitemap-item elementor-sitemap-item-page page_item page-item-2071\"><a href=\"https:\/\/www.dataiso.com\/fr\/secteurs\/telecoms-medias-divertissement\/\">T\u00e9l\u00e9coms, M\u00e9dias &amp; Divertissement<\/a><\/li><\/ul><\/li><li class=\"elementor-sitemap-item elementor-sitemap-item-page page_item page-item-39044\"><a href=\"https:\/\/www.dataiso.com\/fr\/site-en-maintenance\/\">Site en maintenance<\/a><\/li><\/ul><\/div><\/div>\t\t\t\t<\/div>\n\t\t\t\t<\/div>\n\t\t\t\t\t<\/div>\n\t\t<\/div>\n\t\t\t\t\t<\/div>\n\t\t<\/section>\n\t\t\t\t<section class=\"elementor-section elementor-top-section elementor-element elementor-element-f7ae6d6 elementor-section-boxed elementor-section-height-default elementor-section-height-default\" data-id=\"f7ae6d6\" data-element_type=\"section\" data-e-type=\"section\">\n\t\t\t\t\t\t<div class=\"elementor-container elementor-column-gap-default\">\n\t\t\t\t\t<div class=\"elementor-column elementor-col-100 elementor-top-column elementor-element elementor-element-d1283a4\" data-id=\"d1283a4\" data-element_type=\"column\" data-e-type=\"column\">\n\t\t\t<div class=\"elementor-widget-wrap elementor-element-populated\">\n\t\t\t\t\t\t<div class=\"elementor-element elementor-element-9d45697 elementor-widget elementor-widget-heading\" data-id=\"9d45697\" data-element_type=\"widget\" data-e-type=\"widget\" data-widget_type=\"heading.default\">\n\t\t\t\t<div class=\"elementor-widget-container\">\n\t\t\t\t\t<h2 class=\"elementor-heading-title elementor-size-default\">Juridique<\/h2>\t\t\t\t<\/div>\n\t\t\t\t<\/div>\n\t\t\t\t<div class=\"elementor-element elementor-element-cee77ad elementor-widget elementor-widget-text-editor\" data-id=\"cee77ad\" data-element_type=\"widget\" data-e-type=\"widget\" data-widget_type=\"text-editor.default\">\n\t\t\t\t<div class=\"elementor-widget-container\">\n\t\t\t\t\t\t\t\t\t<ul><li><a href=\"https:\/\/www.dataiso.com\/fr\/mentions-legales\/\">Mentions l\u00e9gales<\/a><\/li><li><a href=\"https:\/\/www.dataiso.com\/fr\/politique-de-confidentialite\/\">Politique de confidentialit\u00e9<\/a><\/li><li><a href=\"https:\/\/www.dataiso.com\/fr\/politique-de-cookies\/\">Politique de cookies<\/a><\/li><li><a href=\"https:\/\/www.dataiso.com\/fr\/conditions-generales-dutilisation\/\">Conditions g\u00e9n\u00e9rales d&rsquo;utilisation<\/a><\/li><li><a href=\"https:\/\/www.dataiso.com\/fr\/declaration-daccessibilite\/\">D\u00e9claration d&rsquo;accessibilit\u00e9<\/a><\/li><\/ul>\t\t\t\t\t\t\t\t<\/div>\n\t\t\t\t<\/div>\n\t\t\t\t\t<\/div>\n\t\t<\/div>\n\t\t\t\t\t<\/div>\n\t\t<\/section>\n\t\t\t\t<section class=\"elementor-section elementor-top-section elementor-element elementor-element-ce94ed1 elementor-section-boxed elementor-section-height-default elementor-section-height-default\" data-id=\"ce94ed1\" data-element_type=\"section\" data-e-type=\"section\">\n\t\t\t\t\t\t<div class=\"elementor-container elementor-column-gap-default\">\n\t\t\t\t\t<div class=\"elementor-column elementor-col-100 elementor-top-column elementor-element elementor-element-3ac1235\" data-id=\"3ac1235\" data-element_type=\"column\" data-e-type=\"column\">\n\t\t\t<div class=\"elementor-widget-wrap elementor-element-populated\">\n\t\t\t\t\t\t<div class=\"elementor-element elementor-element-ddb91a5 elementor-widget elementor-widget-heading\" data-id=\"ddb91a5\" data-element_type=\"widget\" data-e-type=\"widget\" data-widget_type=\"heading.default\">\n\t\t\t\t<div class=\"elementor-widget-container\">\n\t\t\t\t\t<h2 class=\"elementor-heading-title elementor-size-default\">Langues<\/h2>\t\t\t\t<\/div>\n\t\t\t\t<\/div>\n\t\t\t\t<div class=\"elementor-element elementor-element-891002d elementor-widget elementor-widget-text-editor\" data-id=\"891002d\" data-element_type=\"widget\" data-e-type=\"widget\" data-widget_type=\"text-editor.default\">\n\t\t\t\t<div class=\"elementor-widget-container\">\n\t\t\t\t\t\t\t\t\t<ul><li><a href=\"https:\/\/www.dataiso.com\/fr\/\">Anglais<\/a><\/li><li><a href=\"https:\/\/www.dataiso.com\/fr\/\">Fran\u00e7ais<\/a><\/li><\/ul>\t\t\t\t\t\t\t\t<\/div>\n\t\t\t\t<\/div>\n\t\t\t\t\t<\/div>\n\t\t<\/div>\n\t\t\t\t\t<\/div>\n\t\t<\/section>\n\t\t\t\t<\/div>\n\t\t","protected":false},"excerpt":{"rendered":"<p>Plan du site Bienvenue sur le plan du site de Dataiso. Cette page offre un aper\u00e7u complet de la structure de notre site web, vous permettant de naviguer facilement \u00e0 travers nos comp\u00e9tences, secteurs, insights, carri\u00e8res et informations sur nous. Juridique Mentions l\u00e9gales Politique de confidentialit\u00e9 Politique de cookies Conditions g\u00e9n\u00e9rales d&rsquo;utilisation D\u00e9claration d&rsquo;accessibilit\u00e9 Langues [&hellip;]<\/p>\n","protected":false},"author":7,"featured_media":0,"parent":0,"menu_order":0,"comment_status":"closed","ping_status":"closed","template":"","meta":{"footnotes":""},"class_list":["post-39013","page","type-page","status-publish","hentry"],"_links":{"self":[{"href":"https:\/\/www.dataiso.com\/fr\/wp-json\/wp\/v2\/pages\/39013","targetHints":{"allow":["GET"]}}],"collection":[{"href":"https:\/\/www.dataiso.com\/fr\/wp-json\/wp\/v2\/pages"}],"about":[{"href":"https:\/\/www.dataiso.com\/fr\/wp-json\/wp\/v2\/types\/page"}],"author":[{"embeddable":true,"href":"https:\/\/www.dataiso.com\/fr\/wp-json\/wp\/v2\/users\/7"}],"replies":[{"embeddable":true,"href":"https:\/\/www.dataiso.com\/fr\/wp-json\/wp\/v2\/comments?post=39013"}],"version-history":[{"count":0,"href":"https:\/\/www.dataiso.com\/fr\/wp-json\/wp\/v2\/pages\/39013\/revisions"}],"wp:attachment":[{"href":"https:\/\/www.dataiso.com\/fr\/wp-json\/wp\/v2\/media?parent=39013"}],"curies":[{"name":"wp","href":"https:\/\/api.w.org\/{rel}","templated":true}]}}