{"id":6902,"date":"2023-12-18T11:58:34","date_gmt":"2023-12-18T11:58:34","guid":{"rendered":"https:\/\/rctl9ywy0q.onrocket.site\/legal-notice\/"},"modified":"2026-02-19T16:51:15","modified_gmt":"2026-02-19T15:51:15","slug":"legal-notice","status":"publish","type":"page","link":"https:\/\/www.dataiso.com\/en\/legal-notice\/","title":{"rendered":"Legal Notice"},"content":{"rendered":"\t\t<div data-elementor-type=\"wp-page\" data-elementor-id=\"6902\" class=\"elementor elementor-6902\" data-elementor-post-type=\"page\">\n\t\t\t\t\t\t<section class=\"elementor-section elementor-top-section elementor-element elementor-element-a17bbe1 elementor-section-boxed elementor-section-height-default elementor-section-height-default\" data-id=\"a17bbe1\" data-element_type=\"section\" data-e-type=\"section\" data-settings=\"{&quot;background_background&quot;:&quot;classic&quot;}\">\n\t\t\t\t\t\t<div class=\"elementor-container elementor-column-gap-default\">\n\t\t\t\t\t<div class=\"elementor-column elementor-col-100 elementor-top-column elementor-element elementor-element-09f88af\" data-id=\"09f88af\" data-element_type=\"column\" data-e-type=\"column\">\n\t\t\t<div class=\"elementor-widget-wrap elementor-element-populated\">\n\t\t\t\t\t\t<section class=\"elementor-section elementor-inner-section elementor-element elementor-element-2b84a90 elementor-section-boxed elementor-section-height-default elementor-section-height-default\" data-id=\"2b84a90\" data-element_type=\"section\" data-e-type=\"section\">\n\t\t\t\t\t\t<div class=\"elementor-container elementor-column-gap-default\">\n\t\t\t\t\t<div class=\"elementor-column elementor-col-100 elementor-inner-column elementor-element elementor-element-2e0ef41\" data-id=\"2e0ef41\" data-element_type=\"column\" data-e-type=\"column\">\n\t\t\t<div class=\"elementor-widget-wrap elementor-element-populated\">\n\t\t\t\t\t\t<div class=\"elementor-element elementor-element-1d51fa3 elementor-widget__width-initial elementor-widget elementor-widget-heading\" data-id=\"1d51fa3\" data-element_type=\"widget\" data-e-type=\"widget\" data-widget_type=\"heading.default\">\n\t\t\t\t<div class=\"elementor-widget-container\">\n\t\t\t\t\t<h1 class=\"elementor-heading-title elementor-size-default\">Legal Notice<\/h1>\t\t\t\t<\/div>\n\t\t\t\t<\/div>\n\t\t\t\t\t<\/div>\n\t\t<\/div>\n\t\t\t\t\t<\/div>\n\t\t<\/section>\n\t\t\t\t\t<\/div>\n\t\t<\/div>\n\t\t\t\t\t<\/div>\n\t\t<\/section>\n\t\t\t\t<section class=\"elementor-section elementor-top-section elementor-element elementor-element-521c704 elementor-section-boxed elementor-section-height-default elementor-section-height-default\" data-id=\"521c704\" data-element_type=\"section\" data-e-type=\"section\">\n\t\t\t\t\t\t<div class=\"elementor-container elementor-column-gap-default\">\n\t\t\t\t\t<div class=\"elementor-column elementor-col-100 elementor-top-column elementor-element elementor-element-3caa4f7\" data-id=\"3caa4f7\" data-element_type=\"column\" data-e-type=\"column\">\n\t\t\t<div class=\"elementor-widget-wrap elementor-element-populated\">\n\t\t\t\t\t\t<div class=\"elementor-element elementor-element-191f70e elementor-widget elementor-widget-text-editor\" data-id=\"191f70e\" data-element_type=\"widget\" data-e-type=\"widget\" data-widget_type=\"text-editor.default\">\n\t\t\t\t<div class=\"elementor-widget-container\">\n\t\t\t\t\t\t\t\t\t<p><strong><i>Last updated: January 5, 2026.<\/i><\/strong><\/p><p>This Legal Notice governs your access to and use of the Dataiso website <a href=\"https:\/\/www.dataiso.com\">https:\/\/www.dataiso.com<\/a> (hereinafter referred to as the\u00a0<i>&#8220;Website&#8221;<\/i>). Dataiso owns the Website and created it to present the offers it publishes and\/or markets, and the services it provides, as well as information related to its activities.<\/p>\t\t\t\t\t\t\t\t<\/div>\n\t\t\t\t<\/div>\n\t\t\t\t<div class=\"elementor-element elementor-element-9514399 elementor-invisible elementor-widget elementor-widget-toggle\" data-id=\"9514399\" data-element_type=\"widget\" data-e-type=\"widget\" data-settings=\"{&quot;_animation&quot;:&quot;fadeIn&quot;}\" data-widget_type=\"toggle.default\">\n\t\t\t\t<div class=\"elementor-widget-container\">\n\t\t\t\t\t\t\t<div class=\"elementor-toggle\">\n\t\t\t\t\t\t\t<div class=\"elementor-toggle-item\">\n\t\t\t\t\t<div id=\"elementor-tab-title-1561\" class=\"elementor-tab-title\" data-tab=\"1\" role=\"button\" aria-controls=\"elementor-tab-content-1561\" aria-expanded=\"false\">\n\t\t\t\t\t\t\t\t\t\t\t\t<span class=\"elementor-toggle-icon elementor-toggle-icon-left\" aria-hidden=\"true\">\n\t\t\t\t\t\t\t\t\t\t\t\t\t\t\t<span class=\"elementor-toggle-icon-closed\"><svg class=\"e-font-icon-svg e-fas-caret-right\" viewBox=\"0 0 192 512\" xmlns=\"http:\/\/www.w3.org\/2000\/svg\"><path d=\"M0 384.662V127.338c0-17.818 21.543-26.741 34.142-14.142l128.662 128.662c7.81 7.81 7.81 20.474 0 28.284L34.142 398.804C21.543 411.404 0 402.48 0 384.662z\"><\/path><\/svg><\/span>\n\t\t\t\t\t\t\t\t<span class=\"elementor-toggle-icon-opened\"><svg class=\"elementor-toggle-icon-opened e-font-icon-svg e-fas-caret-up\" viewBox=\"0 0 320 512\" xmlns=\"http:\/\/www.w3.org\/2000\/svg\"><path d=\"M288.662 352H31.338c-17.818 0-26.741-21.543-14.142-34.142l128.662-128.662c7.81-7.81 20.474-7.81 28.284 0l128.662 128.662c12.6 12.599 3.676 34.142-14.142 34.142z\"><\/path><\/svg><\/span>\n\t\t\t\t\t\t\t\t\t\t\t\t\t<\/span>\n\t\t\t\t\t\t\t\t\t\t\t\t<a class=\"elementor-toggle-title\" tabindex=\"0\">Quick links<\/a>\n\t\t\t\t\t<\/div>\n\n\t\t\t\t\t<div id=\"elementor-tab-content-1561\" class=\"elementor-tab-content elementor-clearfix\" data-tab=\"1\" role=\"region\" aria-labelledby=\"elementor-tab-title-1561\"><ul><li><a href=\"https:\/\/www.dataiso.com\/privacy-policy\">Privacy Policy<\/a>.<\/li><li><a href=\"https:\/\/www.dataiso.com\/cookies-policy\">Cookies Policy<\/a>.<\/li><li><a href=\"https:\/\/www.dataiso.com\/terms-of-use\" rel=\"noopener\">Terms of Use<\/a>.<\/li><\/ul><\/div>\n\t\t\t\t<\/div>\n\t\t\t\t\t\t\t\t<\/div>\n\t\t\t\t\t\t<\/div>\n\t\t\t\t<\/div>\n\t\t\t\t\t<\/div>\n\t\t<\/div>\n\t\t\t\t\t<\/div>\n\t\t<\/section>\n\t\t\t\t<section class=\"elementor-section elementor-top-section elementor-element elementor-element-96bf756 elementor-section-boxed elementor-section-height-default elementor-section-height-default\" data-id=\"96bf756\" data-element_type=\"section\" data-e-type=\"section\">\n\t\t\t\t\t\t<div class=\"elementor-container elementor-column-gap-default\">\n\t\t\t\t\t<div class=\"elementor-column elementor-col-100 elementor-top-column elementor-element elementor-element-993e4d7\" data-id=\"993e4d7\" data-element_type=\"column\" data-e-type=\"column\">\n\t\t\t<div class=\"elementor-widget-wrap elementor-element-populated\">\n\t\t\t\t\t\t<div class=\"elementor-element elementor-element-0c44700 elementor-widget elementor-widget-heading\" data-id=\"0c44700\" data-element_type=\"widget\" data-e-type=\"widget\" data-widget_type=\"heading.default\">\n\t\t\t\t<div class=\"elementor-widget-container\">\n\t\t\t\t\t<h2 class=\"elementor-heading-title elementor-size-default\">General information<\/h2>\t\t\t\t<\/div>\n\t\t\t\t<\/div>\n\t\t\t\t<div class=\"elementor-element elementor-element-36718d6 elementor-widget elementor-widget-text-editor\" data-id=\"36718d6\" data-element_type=\"widget\" data-e-type=\"widget\" data-widget_type=\"text-editor.default\">\n\t\t\t\t<div class=\"elementor-widget-container\">\n\t\t\t\t\t\t\t\t\t<p>This section provides general information about Dataiso and this Website.<\/p>\t\t\t\t\t\t\t\t<\/div>\n\t\t\t\t<\/div>\n\t\t\t\t<div class=\"elementor-element elementor-element-124fdb0 elementor-widget elementor-widget-heading\" data-id=\"124fdb0\" data-element_type=\"widget\" data-e-type=\"widget\" data-widget_type=\"heading.default\">\n\t\t\t\t<div class=\"elementor-widget-container\">\n\t\t\t\t\t<h3 class=\"elementor-heading-title elementor-size-default\">Company information<\/h3>\t\t\t\t<\/div>\n\t\t\t\t<\/div>\n\t\t\t\t<div class=\"elementor-element elementor-element-25cabe7 elementor-widget elementor-widget-text-editor\" data-id=\"25cabe7\" data-element_type=\"widget\" data-e-type=\"widget\" data-widget_type=\"text-editor.default\">\n\t\t\t\t<div class=\"elementor-widget-container\">\n\t\t\t\t\t\t\t\t\t<ul><li><b>Company name<\/b>: Dataiso.<\/li><li><b>Legal form<\/b>: Limited liability company (also known as\u00a0<em>&#8220;Soci\u00e9t\u00e9 par actions simplifi\u00e9e&#8221;<\/em>).<\/li><li><span style=\"background-color: transparent; color: var( --e-global-color-text ); font-family: var( --e-global-typography-2dbb13c-font-family ), Sans-serif; letter-spacing: var( --e-global-typography-2dbb13c-letter-spacing ); word-spacing: var( --e-global-typography-2dbb13c-word-spacing );\"><b>Registration information<\/b><\/span><span style=\"background-color: transparent; color: var( --e-global-color-text ); font-family: var( --e-global-typography-2dbb13c-font-family ), Sans-serif; font-weight: var( --e-global-typography-2dbb13c-font-weight ); letter-spacing: var( --e-global-typography-2dbb13c-letter-spacing ); word-spacing: var( --e-global-typography-2dbb13c-word-spacing );\">:\u00a0Paris Register of Trade and Companies (also known as <em>&#8220;Registre du commerce et des soci\u00e9t\u00e9s de Paris&#8221; <\/em>or <em>&#8220;RCS de Paris&#8221;<\/em>) under the number Paris B 979 375 359.<\/span><\/li><li><b>Head office address<\/b>: 66, Avenue des Champs-Elys\u00e9es, 75008 Paris, France.<\/li><\/ul>\t\t\t\t\t\t\t\t<\/div>\n\t\t\t\t<\/div>\n\t\t\t\t<div class=\"elementor-element elementor-element-906eb34 elementor-widget elementor-widget-heading\" data-id=\"906eb34\" data-element_type=\"widget\" data-e-type=\"widget\" data-widget_type=\"heading.default\">\n\t\t\t\t<div class=\"elementor-widget-container\">\n\t\t\t\t\t<h3 class=\"elementor-heading-title elementor-size-default\">Website information<\/h3>\t\t\t\t<\/div>\n\t\t\t\t<\/div>\n\t\t\t\t<div class=\"elementor-element elementor-element-0891e89 elementor-widget elementor-widget-text-editor\" data-id=\"0891e89\" data-element_type=\"widget\" data-e-type=\"widget\" data-widget_type=\"text-editor.default\">\n\t\t\t\t<div class=\"elementor-widget-container\">\n\t\t\t\t\t\t\t\t\t<ul><li><b>Website link<\/b>: <a href=\"https:\/\/www.dataiso.com\">https:\/\/www.dataiso.com<\/a>.<\/li><li><b>Publishing Director<\/b>: Sabah Aoussar.<\/li><li><b>Hosting provider<\/b>: <a href=\"https:\/\/rocket.net\" target=\"_blank\" rel=\"noopener\">Rocket.net<\/a> \u2014 17885 SE Federal Hwy, Jupiter, FL 33469, United States.<\/li><li><strong>Website Location<\/strong>: Europe.<\/li><\/ul>\t\t\t\t\t\t\t\t<\/div>\n\t\t\t\t<\/div>\n\t\t\t\t\t<\/div>\n\t\t<\/div>\n\t\t\t\t\t<\/div>\n\t\t<\/section>\n\t\t\t\t<section class=\"elementor-section elementor-top-section elementor-element elementor-element-ea0777c elementor-section-boxed elementor-section-height-default elementor-section-height-default\" data-id=\"ea0777c\" data-element_type=\"section\" data-e-type=\"section\">\n\t\t\t\t\t\t<div class=\"elementor-container elementor-column-gap-default\">\n\t\t\t\t\t<div class=\"elementor-column elementor-col-100 elementor-top-column elementor-element elementor-element-88394bb\" data-id=\"88394bb\" data-element_type=\"column\" data-e-type=\"column\">\n\t\t\t<div class=\"elementor-widget-wrap elementor-element-populated\">\n\t\t\t\t\t\t<div class=\"elementor-element elementor-element-2fa5b69 elementor-widget elementor-widget-heading\" data-id=\"2fa5b69\" data-element_type=\"widget\" data-e-type=\"widget\" data-widget_type=\"heading.default\">\n\t\t\t\t<div class=\"elementor-widget-container\">\n\t\t\t\t\t<h2 class=\"elementor-heading-title elementor-size-default\">Website access<\/h2>\t\t\t\t<\/div>\n\t\t\t\t<\/div>\n\t\t\t\t<div class=\"elementor-element elementor-element-2afbce8 elementor-widget elementor-widget-text-editor\" data-id=\"2afbce8\" data-element_type=\"widget\" data-e-type=\"widget\" data-widget_type=\"text-editor.default\">\n\t\t\t\t<div class=\"elementor-widget-container\">\n\t\t\t\t\t\t\t\t\t<p>This Website is freely accessible, but its use is limited to personal purposes. Consequently, you agree not to use the Website and the information or data contained therein for commercial, political, advertising purposes and for any form of commercial solicitation and in particular the sending of unsolicited e-mails.<\/p><p><span style=\"color: var( --e-global-color-text ); font-family: var( --e-global-typography-2dbb13c-font-family ), Sans-serif; font-size: var( --e-global-typography-2dbb13c-font-size ); font-weight: var( --e-global-typography-2dbb13c-font-weight ); letter-spacing: var( --e-global-typography-2dbb13c-letter-spacing ); word-spacing: var( --e-global-typography-2dbb13c-word-spacing );\">By using this Website, you\u00a0<\/span>acknowledge having read and accepted our\u00a0<a href=\"https:\/\/www.dataiso.com\/terms-of-use\/\">Terms of Use<\/a>.<\/p>\t\t\t\t\t\t\t\t<\/div>\n\t\t\t\t<\/div>\n\t\t\t\t\t<\/div>\n\t\t<\/div>\n\t\t\t\t\t<\/div>\n\t\t<\/section>\n\t\t\t\t<section class=\"elementor-section elementor-top-section elementor-element elementor-element-89d7b03 elementor-section-boxed elementor-section-height-default elementor-section-height-default\" data-id=\"89d7b03\" data-element_type=\"section\" data-e-type=\"section\">\n\t\t\t\t\t\t<div class=\"elementor-container elementor-column-gap-default\">\n\t\t\t\t\t<div class=\"elementor-column elementor-col-100 elementor-top-column elementor-element elementor-element-8ece7cb\" data-id=\"8ece7cb\" data-element_type=\"column\" data-e-type=\"column\">\n\t\t\t<div class=\"elementor-widget-wrap elementor-element-populated\">\n\t\t\t\t\t\t<div class=\"elementor-element elementor-element-2e60fc5 elementor-widget elementor-widget-heading\" data-id=\"2e60fc5\" data-element_type=\"widget\" data-e-type=\"widget\" data-widget_type=\"heading.default\">\n\t\t\t\t<div class=\"elementor-widget-container\">\n\t\t\t\t\t<h2 class=\"elementor-heading-title elementor-size-default\">Intellectual property<\/h2>\t\t\t\t<\/div>\n\t\t\t\t<\/div>\n\t\t\t\t<div class=\"elementor-element elementor-element-60330b8 elementor-widget elementor-widget-text-editor\" data-id=\"60330b8\" data-element_type=\"widget\" data-e-type=\"widget\" data-widget_type=\"text-editor.default\">\n\t\t\t\t<div class=\"elementor-widget-container\">\n\t\t\t\t\t\t\t\t\t<p>Dataiso owns all content on this Website, including text, images, logos, and trademarks. We prohibit unauthorized use, reproduction, or distribution of the Website content without our written consent.<\/p><p>For detailed information on how we process your personal data, please refer to our <a href=\"https:\/\/www.dataiso.com\/terms-of-use\">Terms of Use<\/a>.<\/p>\t\t\t\t\t\t\t\t<\/div>\n\t\t\t\t<\/div>\n\t\t\t\t\t<\/div>\n\t\t<\/div>\n\t\t\t\t\t<\/div>\n\t\t<\/section>\n\t\t\t\t<section class=\"elementor-section elementor-top-section elementor-element elementor-element-b190f49 elementor-section-boxed elementor-section-height-default elementor-section-height-default\" data-id=\"b190f49\" data-element_type=\"section\" data-e-type=\"section\">\n\t\t\t\t\t\t<div class=\"elementor-container elementor-column-gap-default\">\n\t\t\t\t\t<div class=\"elementor-column elementor-col-100 elementor-top-column elementor-element elementor-element-03b7047\" data-id=\"03b7047\" data-element_type=\"column\" data-e-type=\"column\">\n\t\t\t<div class=\"elementor-widget-wrap elementor-element-populated\">\n\t\t\t\t\t\t<div class=\"elementor-element elementor-element-b729160 elementor-widget elementor-widget-heading\" data-id=\"b729160\" data-element_type=\"widget\" data-e-type=\"widget\" data-widget_type=\"heading.default\">\n\t\t\t\t<div class=\"elementor-widget-container\">\n\t\t\t\t\t<h2 class=\"elementor-heading-title elementor-size-default\">Personal data<\/h2>\t\t\t\t<\/div>\n\t\t\t\t<\/div>\n\t\t\t\t<div class=\"elementor-element elementor-element-bbcdb81 elementor-widget elementor-widget-text-editor\" data-id=\"bbcdb81\" data-element_type=\"widget\" data-e-type=\"widget\" data-widget_type=\"text-editor.default\">\n\t\t\t\t<div class=\"elementor-widget-container\">\n\t\t\t\t\t\t\t\t\t<p>We describe how we collect, use, and protect your personal data on the following pages:<\/p><ul><li>Our <a href=\"https:\/\/www.dataiso.com\/cookie-policy\">Cookie Policy<\/a>.<\/li><li>Our <a href=\"https:\/\/www.dataiso.com\/privacy-policy\">Privacy Policy<\/a>.<\/li><\/ul><div>\u00a0<\/div><p>Please read them carefully before using the Website.<\/p>\t\t\t\t\t\t\t\t<\/div>\n\t\t\t\t<\/div>\n\t\t\t\t\t<\/div>\n\t\t<\/div>\n\t\t\t\t\t<\/div>\n\t\t<\/section>\n\t\t\t\t<section class=\"elementor-section elementor-top-section elementor-element elementor-element-3ca151a elementor-section-boxed elementor-section-height-default elementor-section-height-default\" data-id=\"3ca151a\" data-element_type=\"section\" data-e-type=\"section\">\n\t\t\t\t\t\t<div class=\"elementor-container elementor-column-gap-default\">\n\t\t\t\t\t<div class=\"elementor-column elementor-col-100 elementor-top-column elementor-element elementor-element-7634183\" data-id=\"7634183\" data-element_type=\"column\" data-e-type=\"column\">\n\t\t\t<div class=\"elementor-widget-wrap elementor-element-populated\">\n\t\t\t\t\t\t<div class=\"elementor-element elementor-element-f0447f7 elementor-widget elementor-widget-heading\" data-id=\"f0447f7\" data-element_type=\"widget\" data-e-type=\"widget\" data-widget_type=\"heading.default\">\n\t\t\t\t<div class=\"elementor-widget-container\">\n\t\t\t\t\t<h2 class=\"elementor-heading-title elementor-size-default\">Governing law<\/h2>\t\t\t\t<\/div>\n\t\t\t\t<\/div>\n\t\t\t\t<div class=\"elementor-element elementor-element-a076144 elementor-widget elementor-widget-text-editor\" data-id=\"a076144\" data-element_type=\"widget\" data-e-type=\"widget\" data-widget_type=\"text-editor.default\">\n\t\t\t\t<div class=\"elementor-widget-container\">\n\t\t\t\t\t\t\t\t\t<p>This Legal Notice is governed by and construed in accordance with French law. Therefore, any disputes arising under this Legal Notice shall be subject to the exclusive jurisdiction of the courts of France.<\/p><p>Dataiso is a company delivering services globally. As a result, we are committed to complying with all applicable data protection regulations, including the French Data Protection Act\u2014enforced by the CNIL (Commission Nationale de l&#8217;Informatique et des Libert\u00e9s)\u2014as well as the GDPR (General Data Protection Regulation) and other relevant data privacy laws worldwide.<\/p>\t\t\t\t\t\t\t\t<\/div>\n\t\t\t\t<\/div>\n\t\t\t\t\t<\/div>\n\t\t<\/div>\n\t\t\t\t\t<\/div>\n\t\t<\/section>\n\t\t\t\t<section class=\"elementor-section elementor-top-section elementor-element elementor-element-b233aa9 elementor-section-boxed elementor-section-height-default elementor-section-height-default\" data-id=\"b233aa9\" data-element_type=\"section\" data-e-type=\"section\">\n\t\t\t\t\t\t<div class=\"elementor-container elementor-column-gap-default\">\n\t\t\t\t\t<div class=\"elementor-column elementor-col-100 elementor-top-column elementor-element elementor-element-ba9716a\" data-id=\"ba9716a\" data-element_type=\"column\" data-e-type=\"column\">\n\t\t\t<div class=\"elementor-widget-wrap elementor-element-populated\">\n\t\t\t\t\t\t<div class=\"elementor-element elementor-element-9c54832 elementor-widget elementor-widget-heading\" data-id=\"9c54832\" data-element_type=\"widget\" data-e-type=\"widget\" data-widget_type=\"heading.default\">\n\t\t\t\t<div class=\"elementor-widget-container\">\n\t\t\t\t\t<h2 class=\"elementor-heading-title elementor-size-default\">Credits<\/h2>\t\t\t\t<\/div>\n\t\t\t\t<\/div>\n\t\t\t\t<div class=\"elementor-element elementor-element-8499f74 elementor-widget elementor-widget-text-editor\" data-id=\"8499f74\" data-element_type=\"widget\" data-e-type=\"widget\" data-widget_type=\"text-editor.default\">\n\t\t\t\t<div class=\"elementor-widget-container\">\n\t\t\t\t\t\t\t\t\t<ul><li><strong>Website design and development<\/strong>: GMD.<\/li><li><strong>Images and photos<\/strong>: Midjourney.<\/li><\/ul>\t\t\t\t\t\t\t\t<\/div>\n\t\t\t\t<\/div>\n\t\t\t\t\t<\/div>\n\t\t<\/div>\n\t\t\t\t\t<\/div>\n\t\t<\/section>\n\t\t\t\t<section class=\"elementor-section elementor-top-section elementor-element elementor-element-a9acf1f elementor-section-boxed elementor-section-height-default elementor-section-height-default\" data-id=\"a9acf1f\" data-element_type=\"section\" data-e-type=\"section\">\n\t\t\t\t\t\t<div class=\"elementor-container elementor-column-gap-default\">\n\t\t\t\t\t<div class=\"elementor-column elementor-col-100 elementor-top-column elementor-element elementor-element-0b1e60a\" data-id=\"0b1e60a\" data-element_type=\"column\" data-e-type=\"column\">\n\t\t\t<div class=\"elementor-widget-wrap elementor-element-populated\">\n\t\t\t\t\t\t<div class=\"elementor-element elementor-element-e621808 elementor-widget elementor-widget-heading\" data-id=\"e621808\" data-element_type=\"widget\" data-e-type=\"widget\" data-widget_type=\"heading.default\">\n\t\t\t\t<div class=\"elementor-widget-container\">\n\t\t\t\t\t<h2 class=\"elementor-heading-title elementor-size-default\">Contact<\/h2>\t\t\t\t<\/div>\n\t\t\t\t<\/div>\n\t\t\t\t<div class=\"elementor-element elementor-element-deeb386 elementor-widget elementor-widget-text-editor\" data-id=\"deeb386\" data-element_type=\"widget\" data-e-type=\"widget\" data-widget_type=\"text-editor.default\">\n\t\t\t\t<div class=\"elementor-widget-container\">\n\t\t\t\t\t\t\t\t\t<p>If you have any questions or suggestions regarding our Legal Notice, you can contact us by email at: <a href=\"mailto:legal@dataiso.com\">legal@dataiso.com<\/a>.<\/p><p>For detailed information on how we process your personal data, please refer to our <a href=\"https:\/\/www.dataiso.com\/privacy-policy\">Privacy Policy<\/a>.<\/p>\t\t\t\t\t\t\t\t<\/div>\n\t\t\t\t<\/div>\n\t\t\t\t\t<\/div>\n\t\t<\/div>\n\t\t\t\t\t<\/div>\n\t\t<\/section>\n\t\t\t\t<\/div>\n\t\t","protected":false},"excerpt":{"rendered":"<p>Legal Notice Last updated: January 5, 2026. This Legal Notice governs your access to and use of the Dataiso website https:\/\/www.dataiso.com (hereinafter referred to as the\u00a0&#8220;Website&#8221;). Dataiso owns the Website and created it to present the offers it publishes and\/or markets, and the services it provides, as well as information related to its activities. Quick [&hellip;]<\/p>\n","protected":false},"author":6,"featured_media":0,"parent":0,"menu_order":0,"comment_status":"closed","ping_status":"closed","template":"","meta":{"footnotes":""},"class_list":["post-6902","page","type-page","status-publish","hentry"],"_links":{"self":[{"href":"https:\/\/www.dataiso.com\/en\/wp-json\/wp\/v2\/pages\/6902","targetHints":{"allow":["GET"]}}],"collection":[{"href":"https:\/\/www.dataiso.com\/en\/wp-json\/wp\/v2\/pages"}],"about":[{"href":"https:\/\/www.dataiso.com\/en\/wp-json\/wp\/v2\/types\/page"}],"author":[{"embeddable":true,"href":"https:\/\/www.dataiso.com\/en\/wp-json\/wp\/v2\/users\/6"}],"replies":[{"embeddable":true,"href":"https:\/\/www.dataiso.com\/en\/wp-json\/wp\/v2\/comments?post=6902"}],"version-history":[{"count":3,"href":"https:\/\/www.dataiso.com\/en\/wp-json\/wp\/v2\/pages\/6902\/revisions"}],"predecessor-version":[{"id":43660,"href":"https:\/\/www.dataiso.com\/en\/wp-json\/wp\/v2\/pages\/6902\/revisions\/43660"}],"wp:attachment":[{"href":"https:\/\/www.dataiso.com\/en\/wp-json\/wp\/v2\/media?parent=6902"}],"curies":[{"name":"wp","href":"https:\/\/api.w.org\/{rel}","templated":true}]}}